{"id":2297,"date":"2024-03-22T09:14:15","date_gmt":"2024-03-22T12:14:15","guid":{"rendered":"https:\/\/apruema.org.br\/?page_id=2297"},"modified":"2024-03-25T18:01:58","modified_gmt":"2024-03-25T21:01:58","slug":"estatuto-da-apruema","status":"publish","type":"page","link":"https:\/\/apruema.org.br\/index.php\/estatuto-da-apruema\/","title":{"rendered":"Estatuto da Apruema"},"content":{"rendered":"\t\t<div data-elementor-type=\"wp-page\" data-elementor-id=\"2297\" class=\"elementor elementor-2297\" data-elementor-post-type=\"page\">\n\t\t\t\t<div class=\"elementor-element elementor-element-9687af7 e-flex e-con-boxed e-con e-parent\" data-id=\"9687af7\" data-element_type=\"container\">\n\t\t\t\t\t<div class=\"e-con-inner\">\n\t\t<div class=\"elementor-element elementor-element-4944884 e-flex e-con-boxed e-con e-child\" data-id=\"4944884\" data-element_type=\"container\">\n\t\t\t\t\t<div class=\"e-con-inner\">\n\t\t\t\t\t<\/div>\n\t\t\t\t<\/div>\n\t\t\t\t\t<\/div>\n\t\t\t\t<\/div>\n\t\t<div class=\"elementor-element elementor-element-3928498 e-flex e-con-boxed e-con e-parent\" data-id=\"3928498\" data-element_type=\"container\">\n\t\t\t\t\t<div class=\"e-con-inner\">\n\t\t\t\t<div class=\"elementor-element elementor-element-ace01ba elementor-widget elementor-widget-heading\" data-id=\"ace01ba\" data-element_type=\"widget\" data-widget_type=\"heading.default\">\n\t\t\t\t<div class=\"elementor-widget-container\">\n\t\t\t<style>\/*! elementor - v3.22.0 - 17-06-2024 *\/\n.elementor-heading-title{padding:0;margin:0;line-height:1}.elementor-widget-heading .elementor-heading-title[class*=elementor-size-]>a{color:inherit;font-size:inherit;line-height:inherit}.elementor-widget-heading .elementor-heading-title.elementor-size-small{font-size:15px}.elementor-widget-heading .elementor-heading-title.elementor-size-medium{font-size:19px}.elementor-widget-heading .elementor-heading-title.elementor-size-large{font-size:29px}.elementor-widget-heading .elementor-heading-title.elementor-size-xl{font-size:39px}.elementor-widget-heading .elementor-heading-title.elementor-size-xxl{font-size:59px}<\/style><h2 class=\"elementor-heading-title elementor-size-default\">Estatuto da Apruema<\/h2>\t\t<\/div>\n\t\t\t\t<\/div>\n\t\t\t\t\t<\/div>\n\t\t\t\t<\/div>\n\t\t<div class=\"elementor-element elementor-element-8ad39e1 e-flex e-con-boxed e-con e-parent\" data-id=\"8ad39e1\" data-element_type=\"container\">\n\t\t\t\t\t<div class=\"e-con-inner\">\n\t\t\t\t<div class=\"elementor-element elementor-element-1a1c725 elementor-widget elementor-widget-image\" data-id=\"1a1c725\" data-element_type=\"widget\" data-widget_type=\"image.default\">\n\t\t\t\t<div class=\"elementor-widget-container\">\n\t\t\t<style>\/*! elementor - v3.22.0 - 17-06-2024 *\/\n.elementor-widget-image{text-align:center}.elementor-widget-image a{display:inline-block}.elementor-widget-image a img[src$=\".svg\"]{width:48px}.elementor-widget-image img{vertical-align:middle;display:inline-block}<\/style>\t\t\t\t\t\t\t\t\t\t\t<a href=\"http:\/\/apruema.org.br\/wp-content\/uploads\/2024\/03\/ESTATUTO-DA-APRUEMA-.pdf\" target=\"_blank\">\n\t\t\t\t\t\t\t<img fetchpriority=\"high\" decoding=\"async\" width=\"800\" height=\"800\" src=\"https:\/\/apruema.org.br\/wp-content\/uploads\/2024\/03\/Imagem-do-WhatsApp-de-2024-03-25-as-17.03.54_30d71cc6-1024x1024.jpg\" class=\"attachment-large size-large wp-image-2528\" alt=\"\" srcset=\"https:\/\/apruema.org.br\/wp-content\/uploads\/2024\/03\/Imagem-do-WhatsApp-de-2024-03-25-as-17.03.54_30d71cc6-1024x1024.jpg 1024w, https:\/\/apruema.org.br\/wp-content\/uploads\/2024\/03\/Imagem-do-WhatsApp-de-2024-03-25-as-17.03.54_30d71cc6-300x300.jpg 300w, https:\/\/apruema.org.br\/wp-content\/uploads\/2024\/03\/Imagem-do-WhatsApp-de-2024-03-25-as-17.03.54_30d71cc6-150x150.jpg 150w, https:\/\/apruema.org.br\/wp-content\/uploads\/2024\/03\/Imagem-do-WhatsApp-de-2024-03-25-as-17.03.54_30d71cc6-768x768.jpg 768w, https:\/\/apruema.org.br\/wp-content\/uploads\/2024\/03\/Imagem-do-WhatsApp-de-2024-03-25-as-17.03.54_30d71cc6-96x96.jpg 96w, https:\/\/apruema.org.br\/wp-content\/uploads\/2024\/03\/Imagem-do-WhatsApp-de-2024-03-25-as-17.03.54_30d71cc6.jpg 1080w\" sizes=\"(max-width: 800px) 100vw, 800px\" \/>\t\t\t\t\t\t\t\t<\/a>\n\t\t\t\t\t\t\t\t\t\t\t\t\t<\/div>\n\t\t\t\t<\/div>\n\t\t\t\t\t<\/div>\n\t\t\t\t<\/div>\n\t\t<div class=\"elementor-element elementor-element-3c0ee71 e-flex e-con-boxed e-con e-parent\" data-id=\"3c0ee71\" data-element_type=\"container\">\n\t\t\t\t\t<div class=\"e-con-inner\">\n\t\t\t\t<div class=\"elementor-element elementor-element-883c74b elementor-widget elementor-widget-text-editor\" data-id=\"883c74b\" data-element_type=\"widget\" data-widget_type=\"text-editor.default\">\n\t\t\t\t<div class=\"elementor-widget-container\">\n\t\t\t<style>\/*! elementor - v3.22.0 - 17-06-2024 *\/\n.elementor-widget-text-editor.elementor-drop-cap-view-stacked .elementor-drop-cap{background-color:#69727d;color:#fff}.elementor-widget-text-editor.elementor-drop-cap-view-framed .elementor-drop-cap{color:#69727d;border:3px solid;background-color:transparent}.elementor-widget-text-editor:not(.elementor-drop-cap-view-default) .elementor-drop-cap{margin-top:8px}.elementor-widget-text-editor:not(.elementor-drop-cap-view-default) .elementor-drop-cap-letter{width:1em;height:1em}.elementor-widget-text-editor .elementor-drop-cap{float:left;text-align:center;line-height:1;font-size:50px}.elementor-widget-text-editor .elementor-drop-cap-letter{display:inline-block}<\/style>\t\t\t\t<p>Associa\u00e7\u00e3o dos Professores da Universidade Estadual do Maranh\u00e3o (APRUEMA), fundada em 25 de abril de 1980, tem como objetivo promover o bem-estar e defender os interesses dos professores da institui\u00e7\u00e3o. Atrav\u00e9s do estatuto, estabelecemos os princ\u00edpios, direitos e deveres que regem nossa associa\u00e7\u00e3o. Fique por dentro e junte-se\u00a0a\u00a0n\u00f3s!<\/p>\t\t\t\t\t\t<\/div>\n\t\t\t\t<\/div>\n\t\t\t\t\t<\/div>\n\t\t\t\t<\/div>\n\t\t<div class=\"elementor-element elementor-element-3839466 e-flex e-con-boxed e-con e-parent\" data-id=\"3839466\" data-element_type=\"container\">\n\t\t\t\t\t<div class=\"e-con-inner\">\n\t\t\t\t<div class=\"elementor-element elementor-element-3cd029c elementor-align-center elementor-widget elementor-widget-button\" data-id=\"3cd029c\" data-element_type=\"widget\" data-widget_type=\"button.default\">\n\t\t\t\t<div class=\"elementor-widget-container\">\n\t\t\t\t\t<div class=\"elementor-button-wrapper\">\n\t\t\t<a class=\"elementor-button elementor-button-link elementor-size-sm\" href=\"http:\/\/apruema.org.br\/wp-content\/uploads\/2024\/03\/ESTATUTO-DA-APRUEMA-.pdf\" target=\"_blank\">\n\t\t\t\t\t\t<span class=\"elementor-button-content-wrapper\">\n\t\t\t\t\t\t\t\t\t<span class=\"elementor-button-text\">Clique aqui para baixar nosso estatuto<\/span>\n\t\t\t\t\t<\/span>\n\t\t\t\t\t<\/a>\n\t\t<\/div>\n\t\t\t\t<\/div>\n\t\t\t\t<\/div>\n\t\t\t\t\t<\/div>\n\t\t\t\t<\/div>\n\t\t\t\t<\/div>\n\t\t","protected":false},"excerpt":{"rendered":"<p>Estatuto da Apruema Associa\u00e7\u00e3o dos Professores da Universidade Estadual do Maranh\u00e3o (APRUEMA), fundada em 25 de abril de 1980, tem como objetivo promover o bem-estar e defender os interesses dos professores da institui\u00e7\u00e3o. Atrav\u00e9s do estatuto, estabelecemos os princ\u00edpios, direitos e deveres que regem nossa associa\u00e7\u00e3o. Fique por dentro e junte-se\u00a0a\u00a0n\u00f3s! Clique aqui para baixar [&hellip;]<\/p>\n","protected":false},"author":1,"featured_media":0,"parent":0,"menu_order":0,"comment_status":"closed","ping_status":"closed","template":"","meta":{"footnotes":""},"_links":{"self":[{"href":"https:\/\/apruema.org.br\/index.php\/wp-json\/wp\/v2\/pages\/2297"}],"collection":[{"href":"https:\/\/apruema.org.br\/index.php\/wp-json\/wp\/v2\/pages"}],"about":[{"href":"https:\/\/apruema.org.br\/index.php\/wp-json\/wp\/v2\/types\/page"}],"author":[{"embeddable":true,"href":"https:\/\/apruema.org.br\/index.php\/wp-json\/wp\/v2\/users\/1"}],"replies":[{"embeddable":true,"href":"https:\/\/apruema.org.br\/index.php\/wp-json\/wp\/v2\/comments?post=2297"}],"version-history":[{"count":30,"href":"https:\/\/apruema.org.br\/index.php\/wp-json\/wp\/v2\/pages\/2297\/revisions"}],"predecessor-version":[{"id":2531,"href":"https:\/\/apruema.org.br\/index.php\/wp-json\/wp\/v2\/pages\/2297\/revisions\/2531"}],"wp:attachment":[{"href":"https:\/\/apruema.org.br\/index.php\/wp-json\/wp\/v2\/media?parent=2297"}],"curies":[{"name":"wp","href":"https:\/\/api.w.org\/{rel}","templated":true}]}}