{"id":502,"date":"2015-08-27T11:32:41","date_gmt":"2015-08-27T11:32:41","guid":{"rendered":"http:\/\/xml-io.proteusthemes.com\/repairpress\/?page_id=9"},"modified":"2024-03-22T09:04:04","modified_gmt":"2024-03-22T12:04:04","slug":"about-us","status":"publish","type":"page","link":"https:\/\/apruema.org.br\/index.php\/about-us\/","title":{"rendered":"Sobre a APRUEMA"},"content":{"rendered":"\t\t<div data-elementor-type=\"wp-page\" data-elementor-id=\"502\" class=\"elementor elementor-502\" data-elementor-post-type=\"page\">\n\t\t\t\t<div class=\"elementor-element elementor-element-540e71b7 e-flex e-con-boxed e-con e-parent\" data-id=\"540e71b7\" data-element_type=\"container\">\n\t\t\t\t\t<div class=\"e-con-inner\">\n\t\t\t\t<div class=\"elementor-element elementor-element-5f0b5d48 elementor-widget elementor-widget-text-editor\" data-id=\"5f0b5d48\" data-element_type=\"widget\" data-widget_type=\"text-editor.default\">\n\t\t\t\t<div class=\"elementor-widget-container\">\n\t\t\t<style>\/*! elementor - v3.22.0 - 17-06-2024 *\/\n.elementor-widget-text-editor.elementor-drop-cap-view-stacked .elementor-drop-cap{background-color:#69727d;color:#fff}.elementor-widget-text-editor.elementor-drop-cap-view-framed .elementor-drop-cap{color:#69727d;border:3px solid;background-color:transparent}.elementor-widget-text-editor:not(.elementor-drop-cap-view-default) .elementor-drop-cap{margin-top:8px}.elementor-widget-text-editor:not(.elementor-drop-cap-view-default) .elementor-drop-cap-letter{width:1em;height:1em}.elementor-widget-text-editor .elementor-drop-cap{float:left;text-align:center;line-height:1;font-size:50px}.elementor-widget-text-editor .elementor-drop-cap-letter{display:inline-block}<\/style>\t\t\t\t<div id=\"pl-502\"  class=\"panel-layout\" ><div id=\"pg-502-0\"  class=\"panel-grid panel-no-style\"  data-style=\"{&quot;background_image_attachment&quot;:false,&quot;background_display&quot;:&quot;tile&quot;,&quot;full_height&quot;:&quot;&quot;,&quot;cell_alignment&quot;:&quot;flex-start&quot;}\" ><div id=\"pgc-502-0-0\"  class=\"panel-grid-cell panel-grid-cell-empty\"  data-weight=\"1\" ><\/div><\/div><\/div>\t\t\t\t\t\t<\/div>\n\t\t\t\t<\/div>\n\t\t\t\t\t<\/div>\n\t\t\t\t<\/div>\n\t\t<div class=\"elementor-element elementor-element-f5971d6 e-flex e-con-boxed e-con e-parent\" data-id=\"f5971d6\" data-element_type=\"container\">\n\t\t\t\t\t<div class=\"e-con-inner\">\n\t\t\t\t\t<\/div>\n\t\t\t\t<\/div>\n\t\t<div class=\"elementor-element elementor-element-70db6a9 e-flex e-con-boxed e-con e-parent\" data-id=\"70db6a9\" data-element_type=\"container\">\n\t\t\t\t\t<div class=\"e-con-inner\">\n\t\t\t\t<div class=\"elementor-element elementor-element-6c23aa5 elementor-widget elementor-widget-heading\" data-id=\"6c23aa5\" data-element_type=\"widget\" data-widget_type=\"heading.default\">\n\t\t\t\t<div class=\"elementor-widget-container\">\n\t\t\t<style>\/*! elementor - v3.22.0 - 17-06-2024 *\/\n.elementor-heading-title{padding:0;margin:0;line-height:1}.elementor-widget-heading .elementor-heading-title[class*=elementor-size-]>a{color:inherit;font-size:inherit;line-height:inherit}.elementor-widget-heading .elementor-heading-title.elementor-size-small{font-size:15px}.elementor-widget-heading .elementor-heading-title.elementor-size-medium{font-size:19px}.elementor-widget-heading .elementor-heading-title.elementor-size-large{font-size:29px}.elementor-widget-heading .elementor-heading-title.elementor-size-xl{font-size:39px}.elementor-widget-heading .elementor-heading-title.elementor-size-xxl{font-size:59px}<\/style><h2 class=\"elementor-heading-title elementor-size-default\">Sobre a Apruema<\/h2>\t\t<\/div>\n\t\t\t\t<\/div>\n\t\t\t\t\t<\/div>\n\t\t\t\t<\/div>\n\t\t<div class=\"elementor-element elementor-element-a2fda57 e-flex e-con-boxed e-con e-parent\" data-id=\"a2fda57\" data-element_type=\"container\">\n\t\t\t\t\t<div class=\"e-con-inner\">\n\t\t<div class=\"elementor-element elementor-element-40a1085 e-con-full e-flex e-con e-child\" data-id=\"40a1085\" data-element_type=\"container\">\n\t\t\t\t<div class=\"elementor-element elementor-element-5ea6e6e elementor-widget elementor-widget-text-editor\" data-id=\"5ea6e6e\" data-element_type=\"widget\" data-widget_type=\"text-editor.default\">\n\t\t\t\t<div class=\"elementor-widget-container\">\n\t\t\t\t\t\t\t<p>A hist\u00f3ria da ASSOCIA\u00c7\u00c3O DOS PROFESSORES DA UNIVERSIDADE ESTADUAL DO MARANH\u00c3O (APRUEMA) come\u00e7a em 25 de abril de 1980 com o nome de ASSOCIA\u00c7\u00c3O DE PROFESSORES DAS ESCOLAS SUPERIORES DO MARANH\u00c3O ( APROFESM ). Surge como uma sociedade civil, sem fins lucrativos, com autonomia administrativa e financeira.<\/p><p>Com a cria\u00e7\u00e3o da Universidade Estadual do Maranh\u00e3o, em 08 de janeiro de 1982, atrav\u00e9s de Assembl\u00e9ia Geral Extraordin\u00e1ria, a ASSOCIA\u00c7\u00c3O DO PROFESSORES DAS ESCOLAS SUPERIORES DO MARANH\u00c3O (APROFESM) teve alterada a sua denomina\u00e7\u00e3o social para ASSOCIA\u00c7\u00c3O DOS PROFESSORES DA UNIVERSIDADE ESTADUAL DO MARANH\u00c3O (APRUEMA).<\/p>\t\t\t\t\t\t<\/div>\n\t\t\t\t<\/div>\n\t\t\t\t<\/div>\n\t\t<div class=\"elementor-element elementor-element-a47c948 e-con-full e-flex e-con e-child\" data-id=\"a47c948\" data-element_type=\"container\">\n\t\t\t\t<div class=\"elementor-element elementor-element-b3759ac elementor-widget elementor-widget-image\" data-id=\"b3759ac\" data-element_type=\"widget\" data-widget_type=\"image.default\">\n\t\t\t\t<div class=\"elementor-widget-container\">\n\t\t\t<style>\/*! elementor - v3.22.0 - 17-06-2024 *\/\n.elementor-widget-image{text-align:center}.elementor-widget-image a{display:inline-block}.elementor-widget-image a img[src$=\".svg\"]{width:48px}.elementor-widget-image img{vertical-align:middle;display:inline-block}<\/style>\t\t\t\t\t\t\t\t\t\t<img fetchpriority=\"high\" decoding=\"async\" width=\"800\" height=\"600\" src=\"https:\/\/apruema.org.br\/wp-content\/uploads\/2022\/05\/fachada-apruema-1024x768.jpg\" class=\"attachment-large size-large wp-image-1070\" alt=\"\" srcset=\"https:\/\/apruema.org.br\/wp-content\/uploads\/2022\/05\/fachada-apruema-1024x768.jpg 1024w, https:\/\/apruema.org.br\/wp-content\/uploads\/2022\/05\/fachada-apruema-300x225.jpg 300w, https:\/\/apruema.org.br\/wp-content\/uploads\/2022\/05\/fachada-apruema-768x576.jpg 768w, https:\/\/apruema.org.br\/wp-content\/uploads\/2022\/05\/fachada-apruema-1536x1152.jpg 1536w, https:\/\/apruema.org.br\/wp-content\/uploads\/2022\/05\/fachada-apruema-600x450.jpg 600w, https:\/\/apruema.org.br\/wp-content\/uploads\/2022\/05\/fachada-apruema.jpg 1984w\" sizes=\"(max-width: 800px) 100vw, 800px\" \/>\t\t\t\t\t\t\t\t\t\t\t\t\t<\/div>\n\t\t\t\t<\/div>\n\t\t\t\t<\/div>\n\t\t\t\t\t<\/div>\n\t\t\t\t<\/div>\n\t\t<div class=\"elementor-element elementor-element-4b829c1 e-flex e-con-boxed e-con e-parent\" data-id=\"4b829c1\" data-element_type=\"container\">\n\t\t\t\t\t<div class=\"e-con-inner\">\n\t\t\t\t\t<\/div>\n\t\t\t\t<\/div>\n\t\t\t\t<\/div>\n\t\t","protected":false},"excerpt":{"rendered":"<p>Sobre a Apruema A hist\u00f3ria da ASSOCIA\u00c7\u00c3O DOS PROFESSORES DA UNIVERSIDADE ESTADUAL DO MARANH\u00c3O (APRUEMA) come\u00e7a em 25 de abril de 1980 com o nome de ASSOCIA\u00c7\u00c3O DE PROFESSORES DAS ESCOLAS SUPERIORES DO MARANH\u00c3O ( APROFESM ). Surge como uma sociedade civil, sem fins lucrativos, com autonomia administrativa e financeira. Com a cria\u00e7\u00e3o da Universidade [&hellip;]<\/p>\n","protected":false},"author":1,"featured_media":0,"parent":0,"menu_order":0,"comment_status":"closed","ping_status":"closed","template":"","meta":{"footnotes":""},"_links":{"self":[{"href":"https:\/\/apruema.org.br\/index.php\/wp-json\/wp\/v2\/pages\/502"}],"collection":[{"href":"https:\/\/apruema.org.br\/index.php\/wp-json\/wp\/v2\/pages"}],"about":[{"href":"https:\/\/apruema.org.br\/index.php\/wp-json\/wp\/v2\/types\/page"}],"author":[{"embeddable":true,"href":"https:\/\/apruema.org.br\/index.php\/wp-json\/wp\/v2\/users\/1"}],"replies":[{"embeddable":true,"href":"https:\/\/apruema.org.br\/index.php\/wp-json\/wp\/v2\/comments?post=502"}],"version-history":[{"count":47,"href":"https:\/\/apruema.org.br\/index.php\/wp-json\/wp\/v2\/pages\/502\/revisions"}],"predecessor-version":[{"id":2289,"href":"https:\/\/apruema.org.br\/index.php\/wp-json\/wp\/v2\/pages\/502\/revisions\/2289"}],"wp:attachment":[{"href":"https:\/\/apruema.org.br\/index.php\/wp-json\/wp\/v2\/media?parent=502"}],"curies":[{"name":"wp","href":"https:\/\/api.w.org\/{rel}","templated":true}]}}